{"id":10,"date":"2016-03-24T12:13:42","date_gmt":"2016-03-24T12:13:42","guid":{"rendered":"http:\/\/demo.themes4wp.com\/gama-store\/?page_id=10"},"modified":"2026-02-21T22:10:49","modified_gmt":"2026-02-21T21:10:49","slug":"homepage","status":"publish","type":"page","link":"https:\/\/visitevirtuellecrea.fr\/","title":{"rendered":"Visite Virtuelle Cr\u00e9a"},"content":{"rendered":"\t\t<div data-elementor-type=\"wp-post\" data-elementor-id=\"10\" class=\"elementor elementor-10\">\n\t\t\t\t\t\t<section class=\"elementor-section elementor-top-section elementor-element elementor-element-68959607 elementor-section-height-min-height elementor-section-content-middle elementor-reverse-mobile elementor-section-boxed elementor-section-height-default elementor-section-items-middle\" data-id=\"68959607\" data-element_type=\"section\" data-e-type=\"section\" data-settings=\"{&quot;background_background&quot;:&quot;video&quot;,&quot;background_play_on_mobile&quot;:&quot;yes&quot;}\">\n\t\t\t\t\t\t<div class=\"elementor-container elementor-column-gap-no\">\n\t\t\t\t\t<div class=\"elementor-column elementor-col-100 elementor-top-column elementor-element elementor-element-1e3a4263\" data-id=\"1e3a4263\" data-element_type=\"column\" data-e-type=\"column\">\n\t\t\t<div class=\"elementor-widget-wrap elementor-element-populated\">\n\t\t\t\t\t\t<div class=\"elementor-element elementor-element-33631541 elementor-widget elementor-widget-heading\" data-id=\"33631541\" data-element_type=\"widget\" data-e-type=\"widget\" data-widget_type=\"heading.default\">\n\t\t\t\t<div class=\"elementor-widget-container\">\n\t\t\t\t\t<h2 class=\"elementor-heading-title elementor-size-large\">D\u00e9couvrir, valoriser, apprendre... AUTREMENT<\/h2>\t\t\t\t<\/div>\n\t\t\t\t<\/div>\n\t\t\t\t<div class=\"elementor-element elementor-element-eadc879 elementor-widget elementor-widget-text-editor\" data-id=\"eadc879\" data-element_type=\"widget\" data-e-type=\"widget\" data-widget_type=\"text-editor.default\">\n\t\t\t\t<div class=\"elementor-widget-container\">\n\t\t\t\t\t\t\t\t\t<h2><em>Donner l&rsquo;accessibilit\u00e9 \u00e0 tous<\/em><\/h2><h4>Bien mieux que des mots&#8230; des images immersives<\/h4>\t\t\t\t\t\t\t\t<\/div>\n\t\t\t\t<\/div>\n\t\t\t\t\t<\/div>\n\t\t<\/div>\n\t\t\t\t\t<\/div>\n\t\t<\/section>\n\t\t\t\t<section class=\"elementor-section elementor-top-section elementor-element elementor-element-2e68a148 elementor-section-content-middle elementor-section-stretched elementor-section-height-min-height elementor-section-boxed elementor-section-height-default elementor-section-items-middle\" data-id=\"2e68a148\" data-element_type=\"section\" data-e-type=\"section\" id=\"services\" data-settings=\"{&quot;background_background&quot;:&quot;video&quot;,&quot;stretch_section&quot;:&quot;section-stretched&quot;}\">\n\t\t\t\t\t\t\t<div class=\"elementor-background-overlay\"><\/div>\n\t\t\t\t\t\t\t<div class=\"elementor-container elementor-column-gap-no\">\n\t\t\t\t\t<div class=\"elementor-column elementor-col-100 elementor-top-column elementor-element elementor-element-9d54501\" data-id=\"9d54501\" data-element_type=\"column\" data-e-type=\"column\">\n\t\t\t<div class=\"elementor-widget-wrap\">\n\t\t\t\t\t\t\t<\/div>\n\t\t<\/div>\n\t\t\t\t\t<\/div>\n\t\t<\/section>\n\t\t\t\t<section class=\"elementor-section elementor-top-section elementor-element elementor-element-1ebfb46 elementor-section-boxed elementor-section-height-default elementor-section-height-default\" data-id=\"1ebfb46\" data-element_type=\"section\" data-e-type=\"section\">\n\t\t\t\t\t\t<div class=\"elementor-container elementor-column-gap-default\">\n\t\t\t\t\t<div class=\"elementor-column elementor-col-100 elementor-top-column elementor-element elementor-element-f840c89\" data-id=\"f840c89\" data-element_type=\"column\" data-e-type=\"column\">\n\t\t\t<div class=\"elementor-widget-wrap elementor-element-populated\">\n\t\t\t\t\t\t\t<\/div>\n\t\t<\/div>\n\t\t\t\t\t<\/div>\n\t\t<\/section>\n\t\t\t\t<\/div>\n\t\t","protected":false},"excerpt":{"rendered":"<p>D\u00e9couvrir, valoriser, apprendre&#8230; AUTREMENT Donner l&rsquo;accessibilit\u00e9 \u00e0 tous Bien mieux que des mots&#8230; des images immersives<\/p>\n","protected":false},"author":1,"featured_media":0,"parent":0,"menu_order":0,"comment_status":"closed","ping_status":"closed","template":"template-page-builders.php","meta":{"footnotes":""},"class_list":["post-10","page","type-page","status-publish","hentry"],"yoast_head":"<!-- This site is optimized with the Yoast SEO plugin v27.0 - https:\/\/yoast.com\/product\/yoast-seo-wordpress\/ -->\n<title>Visite Virtuelle Cr\u00e9a | Visite virtuelle<\/title>\n<meta name=\"robots\" content=\"index, follow, max-snippet:-1, max-image-preview:large, max-video-preview:-1\" \/>\n<link rel=\"canonical\" href=\"https:\/\/visitevirtuellecrea.fr\/\" \/>\n<meta property=\"og:locale\" content=\"fr_FR\" \/>\n<meta property=\"og:type\" content=\"article\" \/>\n<meta property=\"og:title\" content=\"Visite Virtuelle Cr\u00e9a | Visite virtuelle\" \/>\n<meta property=\"og:description\" content=\"D\u00e9couvrir, valoriser, apprendre&#8230; AUTREMENT Donner l&rsquo;accessibilit\u00e9 \u00e0 tous Bien mieux que des mots&#8230; des images immersives\" \/>\n<meta property=\"og:url\" content=\"https:\/\/visitevirtuellecrea.fr\/\" \/>\n<meta property=\"og:site_name\" content=\"Visite virtuelle\" \/>\n<meta property=\"article:publisher\" content=\"https:\/\/www.facebook.com\/visitevirtuellecrea\/\" \/>\n<meta property=\"article:modified_time\" content=\"2026-02-21T21:10:49+00:00\" \/>\n<meta name=\"twitter:card\" content=\"summary_large_image\" \/>\n<meta name=\"twitter:label1\" content=\"Dur\u00e9e de lecture estim\u00e9e\" \/>\n\t<meta name=\"twitter:data1\" content=\"1 minute\" \/>\n<script type=\"application\/ld+json\" class=\"yoast-schema-graph\">{\"@context\":\"https:\/\/schema.org\",\"@graph\":[{\"@type\":\"WebPage\",\"@id\":\"https:\/\/visitevirtuellecrea.fr\/\",\"url\":\"https:\/\/visitevirtuellecrea.fr\/\",\"name\":\"Visite Virtuelle Cr\u00e9a | Visite virtuelle\",\"isPartOf\":{\"@id\":\"https:\/\/visitevirtuellecrea.fr\/#website\"},\"datePublished\":\"2016-03-24T12:13:42+00:00\",\"dateModified\":\"2026-02-21T21:10:49+00:00\",\"breadcrumb\":{\"@id\":\"https:\/\/visitevirtuellecrea.fr\/#breadcrumb\"},\"inLanguage\":\"fr-FR\",\"potentialAction\":[{\"@type\":\"ReadAction\",\"target\":[\"https:\/\/visitevirtuellecrea.fr\/\"]}]},{\"@type\":\"BreadcrumbList\",\"@id\":\"https:\/\/visitevirtuellecrea.fr\/#breadcrumb\",\"itemListElement\":[{\"@type\":\"ListItem\",\"position\":1,\"name\":\"Accueil\",\"item\":\"https:\/\/visitevirtuellecrea.fr\/\"},{\"@type\":\"ListItem\",\"position\":2,\"name\":\"Visite Virtuelle Cr\u00e9a\"}]},{\"@type\":\"WebSite\",\"@id\":\"https:\/\/visitevirtuellecrea.fr\/#website\",\"url\":\"https:\/\/visitevirtuellecrea.fr\/\",\"name\":\"Visite virtuelle\",\"description\":\"D\u00e9couvrir, valoriser, apprendre...autrement\",\"publisher\":{\"@id\":\"https:\/\/visitevirtuellecrea.fr\/#organization\"},\"potentialAction\":[{\"@type\":\"SearchAction\",\"target\":{\"@type\":\"EntryPoint\",\"urlTemplate\":\"https:\/\/visitevirtuellecrea.fr\/?s={search_term_string}\"},\"query-input\":{\"@type\":\"PropertyValueSpecification\",\"valueRequired\":true,\"valueName\":\"search_term_string\"}}],\"inLanguage\":\"fr-FR\"},{\"@type\":\"Organization\",\"@id\":\"https:\/\/visitevirtuellecrea.fr\/#organization\",\"name\":\"Visite Virtuelle Cr\u00e9a\",\"url\":\"https:\/\/visitevirtuellecrea.fr\/\",\"logo\":{\"@type\":\"ImageObject\",\"inLanguage\":\"fr-FR\",\"@id\":\"https:\/\/visitevirtuellecrea.fr\/#\/schema\/logo\/image\/\",\"url\":\"https:\/\/visitevirtuellecrea.fr\/wp-content\/uploads\/2018\/09\/logo-visite-virtuelle-crea.png\",\"contentUrl\":\"https:\/\/visitevirtuellecrea.fr\/wp-content\/uploads\/2018\/09\/logo-visite-virtuelle-crea.png\",\"width\":250,\"height\":221,\"caption\":\"Visite Virtuelle Cr\u00e9a\"},\"image\":{\"@id\":\"https:\/\/visitevirtuellecrea.fr\/#\/schema\/logo\/image\/\"},\"sameAs\":[\"https:\/\/www.facebook.com\/visitevirtuellecrea\/\",\"https:\/\/www.instagram.com\/visitevirtuellecreadamien\/\",\"https:\/\/www.youtube.com\/feed\/my_videos\"]}]}<\/script>\n<!-- \/ Yoast SEO plugin. -->","yoast_head_json":{"title":"Visite Virtuelle Cr\u00e9a | Visite virtuelle","robots":{"index":"index","follow":"follow","max-snippet":"max-snippet:-1","max-image-preview":"max-image-preview:large","max-video-preview":"max-video-preview:-1"},"canonical":"https:\/\/visitevirtuellecrea.fr\/","og_locale":"fr_FR","og_type":"article","og_title":"Visite Virtuelle Cr\u00e9a | Visite virtuelle","og_description":"D\u00e9couvrir, valoriser, apprendre&#8230; AUTREMENT Donner l&rsquo;accessibilit\u00e9 \u00e0 tous Bien mieux que des mots&#8230; des images immersives","og_url":"https:\/\/visitevirtuellecrea.fr\/","og_site_name":"Visite virtuelle","article_publisher":"https:\/\/www.facebook.com\/visitevirtuellecrea\/","article_modified_time":"2026-02-21T21:10:49+00:00","twitter_card":"summary_large_image","twitter_misc":{"Dur\u00e9e de lecture estim\u00e9e":"1 minute"},"schema":{"@context":"https:\/\/schema.org","@graph":[{"@type":"WebPage","@id":"https:\/\/visitevirtuellecrea.fr\/","url":"https:\/\/visitevirtuellecrea.fr\/","name":"Visite Virtuelle Cr\u00e9a | Visite virtuelle","isPartOf":{"@id":"https:\/\/visitevirtuellecrea.fr\/#website"},"datePublished":"2016-03-24T12:13:42+00:00","dateModified":"2026-02-21T21:10:49+00:00","breadcrumb":{"@id":"https:\/\/visitevirtuellecrea.fr\/#breadcrumb"},"inLanguage":"fr-FR","potentialAction":[{"@type":"ReadAction","target":["https:\/\/visitevirtuellecrea.fr\/"]}]},{"@type":"BreadcrumbList","@id":"https:\/\/visitevirtuellecrea.fr\/#breadcrumb","itemListElement":[{"@type":"ListItem","position":1,"name":"Accueil","item":"https:\/\/visitevirtuellecrea.fr\/"},{"@type":"ListItem","position":2,"name":"Visite Virtuelle Cr\u00e9a"}]},{"@type":"WebSite","@id":"https:\/\/visitevirtuellecrea.fr\/#website","url":"https:\/\/visitevirtuellecrea.fr\/","name":"Visite virtuelle","description":"D\u00e9couvrir, valoriser, apprendre...autrement","publisher":{"@id":"https:\/\/visitevirtuellecrea.fr\/#organization"},"potentialAction":[{"@type":"SearchAction","target":{"@type":"EntryPoint","urlTemplate":"https:\/\/visitevirtuellecrea.fr\/?s={search_term_string}"},"query-input":{"@type":"PropertyValueSpecification","valueRequired":true,"valueName":"search_term_string"}}],"inLanguage":"fr-FR"},{"@type":"Organization","@id":"https:\/\/visitevirtuellecrea.fr\/#organization","name":"Visite Virtuelle Cr\u00e9a","url":"https:\/\/visitevirtuellecrea.fr\/","logo":{"@type":"ImageObject","inLanguage":"fr-FR","@id":"https:\/\/visitevirtuellecrea.fr\/#\/schema\/logo\/image\/","url":"https:\/\/visitevirtuellecrea.fr\/wp-content\/uploads\/2018\/09\/logo-visite-virtuelle-crea.png","contentUrl":"https:\/\/visitevirtuellecrea.fr\/wp-content\/uploads\/2018\/09\/logo-visite-virtuelle-crea.png","width":250,"height":221,"caption":"Visite Virtuelle Cr\u00e9a"},"image":{"@id":"https:\/\/visitevirtuellecrea.fr\/#\/schema\/logo\/image\/"},"sameAs":["https:\/\/www.facebook.com\/visitevirtuellecrea\/","https:\/\/www.instagram.com\/visitevirtuellecreadamien\/","https:\/\/www.youtube.com\/feed\/my_videos"]}]}},"_links":{"self":[{"href":"https:\/\/visitevirtuellecrea.fr\/index.php?rest_route=\/wp\/v2\/pages\/10","targetHints":{"allow":["GET"]}}],"collection":[{"href":"https:\/\/visitevirtuellecrea.fr\/index.php?rest_route=\/wp\/v2\/pages"}],"about":[{"href":"https:\/\/visitevirtuellecrea.fr\/index.php?rest_route=\/wp\/v2\/types\/page"}],"author":[{"embeddable":true,"href":"https:\/\/visitevirtuellecrea.fr\/index.php?rest_route=\/wp\/v2\/users\/1"}],"replies":[{"embeddable":true,"href":"https:\/\/visitevirtuellecrea.fr\/index.php?rest_route=%2Fwp%2Fv2%2Fcomments&post=10"}],"version-history":[{"count":188,"href":"https:\/\/visitevirtuellecrea.fr\/index.php?rest_route=\/wp\/v2\/pages\/10\/revisions"}],"predecessor-version":[{"id":1720,"href":"https:\/\/visitevirtuellecrea.fr\/index.php?rest_route=\/wp\/v2\/pages\/10\/revisions\/1720"}],"wp:attachment":[{"href":"https:\/\/visitevirtuellecrea.fr\/index.php?rest_route=%2Fwp%2Fv2%2Fmedia&parent=10"}],"curies":[{"name":"wp","href":"https:\/\/api.w.org\/{rel}","templated":true}]}}